{"id":19,"date":"2025-10-26T14:24:43","date_gmt":"2025-10-26T14:24:43","guid":{"rendered":"https:\/\/verdosillo.eu\/?page_id=19"},"modified":"2025-10-26T17:32:31","modified_gmt":"2025-10-26T17:32:31","slug":"home","status":"publish","type":"page","link":"https:\/\/verdosillo.eu\/","title":{"rendered":"Home"},"content":{"rendered":"\n<div class=\"wp-block-cover alignfull\" style=\"min-height:720px;aspect-ratio:unset;\"><img loading=\"lazy\" decoding=\"async\" width=\"1024\" height=\"576\" class=\"wp-block-cover__image-background wp-image-37 size-large\" alt=\"\" src=\"https:\/\/verdosillo.eu\/wp-content\/uploads\/2025\/10\/Madeira_Ret-0600-1024x576.jpg\" style=\"object-position:48% 49%\" data-object-fit=\"cover\" data-object-position=\"48% 49%\" srcset=\"https:\/\/verdosillo.eu\/wp-content\/uploads\/2025\/10\/Madeira_Ret-0600-1024x576.jpg 1024w, https:\/\/verdosillo.eu\/wp-content\/uploads\/2025\/10\/Madeira_Ret-0600-300x169.jpg 300w, https:\/\/verdosillo.eu\/wp-content\/uploads\/2025\/10\/Madeira_Ret-0600-768x432.jpg 768w, https:\/\/verdosillo.eu\/wp-content\/uploads\/2025\/10\/Madeira_Ret-0600-1536x864.jpg 1536w, https:\/\/verdosillo.eu\/wp-content\/uploads\/2025\/10\/Madeira_Ret-0600-2048x1152.jpg 2048w\" sizes=\"auto, (max-width: 1024px) 100vw, 1024px\" \/><span aria-hidden=\"true\" class=\"wp-block-cover__background has-ast-global-color-2-background-color has-background-dim-70 has-background-dim\"><\/span><div class=\"wp-block-cover__inner-container is-layout-flow wp-block-cover-is-layout-flow\">\n<div class=\"inherit-container-width wp-block-group alignwide is-layout-constrained wp-block-group-is-layout-constrained\">\n<div class=\"wp-block-media-text alignwide has-media-on-the-right is-stacked-on-mobile is-vertically-aligned-center\" style=\"grid-template-columns:auto 26%\"><div class=\"wp-block-media-text__content\">\n<h1 class=\"wp-block-heading has-text-align-left has-ast-global-color-5-color has-text-color\"><strong>Invertimos en el tiempo<\/strong><\/h1>\n\n\n\n<p class=\"has-white-color has-text-color\">Creemos en el valor de la <strong>creaci\u00f3n sostenible de patrimonio<\/strong> a trav\u00e9s del tiempo. Nuestra misi\u00f3n es preservar y hacer crecer los recursos familiares mediante una gesti\u00f3n prudente, transparente y orientada al largo plazo.<\/p>\n\n\n\n<div class=\"wp-block-buttons is-layout-flex wp-block-buttons-is-layout-flex\">\n<div class=\"wp-block-button\"><a class=\"wp-block-button__link wp-element-button\" href=\"#about\">Saber m\u00e1s<\/a><\/div>\n<\/div>\n<\/div><figure class=\"wp-block-media-text__media\"><img loading=\"lazy\" decoding=\"async\" width=\"2000\" height=\"1333\" src=\"https:\/\/verdosillo.eu\/wp-content\/uploads\/2025\/10\/marketing-professional-presenting-financial-chart-boss.png\" alt=\"\" class=\"wp-image-48 size-full\" srcset=\"https:\/\/verdosillo.eu\/wp-content\/uploads\/2025\/10\/marketing-professional-presenting-financial-chart-boss.png 2000w, https:\/\/verdosillo.eu\/wp-content\/uploads\/2025\/10\/marketing-professional-presenting-financial-chart-boss-300x200.png 300w, https:\/\/verdosillo.eu\/wp-content\/uploads\/2025\/10\/marketing-professional-presenting-financial-chart-boss-1024x682.png 1024w, https:\/\/verdosillo.eu\/wp-content\/uploads\/2025\/10\/marketing-professional-presenting-financial-chart-boss-768x512.png 768w, https:\/\/verdosillo.eu\/wp-content\/uploads\/2025\/10\/marketing-professional-presenting-financial-chart-boss-1536x1024.png 1536w\" sizes=\"auto, (max-width: 2000px) 100vw, 2000px\" \/><\/figure><\/div>\n<\/div>\n<\/div><\/div>\n\n\n\n<div class=\"wp-block-group alignfull is-layout-constrained wp-container-core-group-is-layout-45b0ac4f wp-block-group-is-layout-constrained\" id=\"services\" style=\"padding-top:144px;padding-bottom:0px\">\n<h2 class=\"wp-block-heading\">Nuestros Servicios<\/h2>\n\n\n\n<div class=\"wp-block-columns is-layout-flex wp-container-core-columns-is-layout-60cbf9bb wp-block-columns-is-layout-flex\" style=\"margin-top:50px\">\n<div class=\"wp-block-column is-layout-flow wp-container-core-column-is-layout-6b73ce23 wp-block-column-is-layout-flow\">\n<figure class=\"wp-block-image size-full\"><img loading=\"lazy\" decoding=\"async\" width=\"2000\" height=\"1600\" src=\"http:\/\/verdosillo.eu\/wp-content\/uploads\/2025\/10\/hand-holding-balance-scales-with-money-win-golden-cup-person-measuring-price-victory-flat-vector-illustration-decision-investment-concept-banner-website-design-landing-web-page.png\" alt=\"\" class=\"wp-image-53\" style=\"aspect-ratio:1;object-fit:cover\" srcset=\"https:\/\/verdosillo.eu\/wp-content\/uploads\/2025\/10\/hand-holding-balance-scales-with-money-win-golden-cup-person-measuring-price-victory-flat-vector-illustration-decision-investment-concept-banner-website-design-landing-web-page.png 2000w, https:\/\/verdosillo.eu\/wp-content\/uploads\/2025\/10\/hand-holding-balance-scales-with-money-win-golden-cup-person-measuring-price-victory-flat-vector-illustration-decision-investment-concept-banner-website-design-landing-web-page-300x240.png 300w, https:\/\/verdosillo.eu\/wp-content\/uploads\/2025\/10\/hand-holding-balance-scales-with-money-win-golden-cup-person-measuring-price-victory-flat-vector-illustration-decision-investment-concept-banner-website-design-landing-web-page-1024x819.png 1024w, https:\/\/verdosillo.eu\/wp-content\/uploads\/2025\/10\/hand-holding-balance-scales-with-money-win-golden-cup-person-measuring-price-victory-flat-vector-illustration-decision-investment-concept-banner-website-design-landing-web-page-768x614.png 768w, https:\/\/verdosillo.eu\/wp-content\/uploads\/2025\/10\/hand-holding-balance-scales-with-money-win-golden-cup-person-measuring-price-victory-flat-vector-illustration-decision-investment-concept-banner-website-design-landing-web-page-1536x1229.png 1536w\" sizes=\"auto, (max-width: 2000px) 100vw, 2000px\" \/><\/figure>\n\n\n\n<h3 class=\"wp-block-heading\" style=\"margin-top:16px\">Gesti\u00f3n Patrimonial Integral<\/h3>\n\n\n\n<p>Administramos y coordinamos los activos familiares con una visi\u00f3n global y prudente, buscando equilibrio entre rentabilidad, seguridad y sostenibilidad<\/p>\n<\/div>\n\n\n\n<div class=\"wp-block-column is-layout-flow wp-container-core-column-is-layout-6b73ce23 wp-block-column-is-layout-flow\">\n<figure class=\"wp-block-image size-full\"><img loading=\"lazy\" decoding=\"async\" width=\"2000\" height=\"1333\" src=\"http:\/\/verdosillo.eu\/wp-content\/uploads\/2025\/10\/rich-people-keeping-cash-clocks-piggy-bank-vector-illustration-time-is-money-business-time-management-wealth-concept.png\" alt=\"\" class=\"wp-image-52\" style=\"aspect-ratio:1;object-fit:cover\" srcset=\"https:\/\/verdosillo.eu\/wp-content\/uploads\/2025\/10\/rich-people-keeping-cash-clocks-piggy-bank-vector-illustration-time-is-money-business-time-management-wealth-concept.png 2000w, https:\/\/verdosillo.eu\/wp-content\/uploads\/2025\/10\/rich-people-keeping-cash-clocks-piggy-bank-vector-illustration-time-is-money-business-time-management-wealth-concept-300x200.png 300w, https:\/\/verdosillo.eu\/wp-content\/uploads\/2025\/10\/rich-people-keeping-cash-clocks-piggy-bank-vector-illustration-time-is-money-business-time-management-wealth-concept-1024x682.png 1024w, https:\/\/verdosillo.eu\/wp-content\/uploads\/2025\/10\/rich-people-keeping-cash-clocks-piggy-bank-vector-illustration-time-is-money-business-time-management-wealth-concept-768x512.png 768w, https:\/\/verdosillo.eu\/wp-content\/uploads\/2025\/10\/rich-people-keeping-cash-clocks-piggy-bank-vector-illustration-time-is-money-business-time-management-wealth-concept-1536x1024.png 1536w\" sizes=\"auto, (max-width: 2000px) 100vw, 2000px\" \/><\/figure>\n\n\n\n<h3 class=\"wp-block-heading\" style=\"margin-top:16px\">Estrategia de Inversi\u00f3n a Largo Plazo<\/h3>\n\n\n\n<p>Dise\u00f1amos estrategias basadas en an\u00e1lisis y disciplina, orientadas a generar crecimiento constante y evitar la volatilidad innecesaria. <\/p>\n<\/div>\n\n\n\n<div class=\"wp-block-column is-layout-flow wp-container-core-column-is-layout-6b73ce23 wp-block-column-is-layout-flow\">\n<figure class=\"wp-block-image size-full\"><img loading=\"lazy\" decoding=\"async\" width=\"2000\" height=\"1250\" src=\"http:\/\/verdosillo.eu\/wp-content\/uploads\/2025\/10\/family-meeting-grandparents-country-house-excited-children-parents-visiting-grandmother-grandfather-boy-running-granny-vector-illustration-happy-family-love-parenting.png\" alt=\"\" class=\"wp-image-51\" style=\"aspect-ratio:1;object-fit:cover\" srcset=\"https:\/\/verdosillo.eu\/wp-content\/uploads\/2025\/10\/family-meeting-grandparents-country-house-excited-children-parents-visiting-grandmother-grandfather-boy-running-granny-vector-illustration-happy-family-love-parenting.png 2000w, https:\/\/verdosillo.eu\/wp-content\/uploads\/2025\/10\/family-meeting-grandparents-country-house-excited-children-parents-visiting-grandmother-grandfather-boy-running-granny-vector-illustration-happy-family-love-parenting-300x188.png 300w, https:\/\/verdosillo.eu\/wp-content\/uploads\/2025\/10\/family-meeting-grandparents-country-house-excited-children-parents-visiting-grandmother-grandfather-boy-running-granny-vector-illustration-happy-family-love-parenting-1024x640.png 1024w, https:\/\/verdosillo.eu\/wp-content\/uploads\/2025\/10\/family-meeting-grandparents-country-house-excited-children-parents-visiting-grandmother-grandfather-boy-running-granny-vector-illustration-happy-family-love-parenting-768x480.png 768w, https:\/\/verdosillo.eu\/wp-content\/uploads\/2025\/10\/family-meeting-grandparents-country-house-excited-children-parents-visiting-grandmother-grandfather-boy-running-granny-vector-illustration-happy-family-love-parenting-1536x960.png 1536w\" sizes=\"auto, (max-width: 2000px) 100vw, 2000px\" \/><\/figure>\n\n\n\n<h3 class=\"wp-block-heading\" style=\"margin-top:16px\">Planificaci\u00f3n y Continuidad Familiar<\/h3>\n\n\n\n<p>Acompa\u00f1amos a las familias en la definici\u00f3n de objetivos comunes, la transmisi\u00f3n de valores y la preparaci\u00f3n de las futuras generaciones.<\/p>\n<\/div>\n<\/div>\n<\/div>\n\n\n\n<div class=\"wp-block-group alignfull has-ast-global-color-5-background-color has-background is-layout-constrained wp-container-core-group-is-layout-94d206d0 wp-block-group-is-layout-constrained\" id=\"about\" style=\"padding-top:143px;padding-bottom:144px\">\n<div class=\"wp-block-media-text has-media-on-the-right is-stacked-on-mobile is-vertically-aligned-center\"><div class=\"wp-block-media-text__content\">\n<div class=\"inherit-container-width wp-block-group is-layout-constrained wp-container-core-group-is-layout-47ce07ec wp-block-group-is-layout-constrained\" style=\"padding-right:80px\">\n<h2 class=\"wp-block-heading\" style=\"padding-right:40px\">Nuestra filosof\u00eda<\/h2>\n\n\n\n<p>Nos guiamos por principios de <strong>consistencia, disciplina y visi\u00f3n a largo plazo<\/strong>. <\/p>\n\n\n\n<p>Buscamos un crecimiento s\u00f3lido y estable, evitando decisiones impulsivas y priorizando estrategias que mantengan la <strong>solidez del patrimonio familiar<\/strong> en todas las etapas del ciclo econ\u00f3mico.<\/p>\n<\/div>\n<\/div><figure class=\"wp-block-media-text__media\"><img loading=\"lazy\" decoding=\"async\" width=\"1024\" height=\"656\" src=\"https:\/\/verdosillo.eu\/wp-content\/uploads\/2025\/10\/tiny-businessman-with-spyglass-standing-stack-coins-increase-income-flat-vector-illustration-financial-growth-investment-success-concept-banner-website-design-landing-web-page-1024x656.png\" alt=\"\" class=\"wp-image-49 size-full\" srcset=\"https:\/\/verdosillo.eu\/wp-content\/uploads\/2025\/10\/tiny-businessman-with-spyglass-standing-stack-coins-increase-income-flat-vector-illustration-financial-growth-investment-success-concept-banner-website-design-landing-web-page-1024x656.png 1024w, https:\/\/verdosillo.eu\/wp-content\/uploads\/2025\/10\/tiny-businessman-with-spyglass-standing-stack-coins-increase-income-flat-vector-illustration-financial-growth-investment-success-concept-banner-website-design-landing-web-page-300x192.png 300w, https:\/\/verdosillo.eu\/wp-content\/uploads\/2025\/10\/tiny-businessman-with-spyglass-standing-stack-coins-increase-income-flat-vector-illustration-financial-growth-investment-success-concept-banner-website-design-landing-web-page-768x492.png 768w, https:\/\/verdosillo.eu\/wp-content\/uploads\/2025\/10\/tiny-businessman-with-spyglass-standing-stack-coins-increase-income-flat-vector-illustration-financial-growth-investment-success-concept-banner-website-design-landing-web-page-1536x985.png 1536w, https:\/\/verdosillo.eu\/wp-content\/uploads\/2025\/10\/tiny-businessman-with-spyglass-standing-stack-coins-increase-income-flat-vector-illustration-financial-growth-investment-success-concept-banner-website-design-landing-web-page.png 2000w\" sizes=\"auto, (max-width: 1024px) 100vw, 1024px\" \/><\/figure><\/div>\n<\/div>\n\n\n\n<div class=\"wp-block-group alignfull has-ast-global-color-2-background-color has-background is-layout-constrained wp-container-core-group-is-layout-cfcca693 wp-block-group-is-layout-constrained\" id=\"contact\" style=\"padding-top:104px;padding-bottom:104px\">\n<h2 class=\"wp-block-heading has-text-align-center has-text-color\" style=\"color:#ffffff\">\u00bfQuieres saber m\u00e1s?<\/h2>\n\n\n\n<div class=\"wp-block-buttons alignwide is-horizontal is-content-justification-center is-layout-flex wp-container-core-buttons-is-layout-bba8380a wp-block-buttons-is-layout-flex\" style=\"margin-top:50px\">\n<div class=\"wp-block-button\"><a class=\"wp-block-button__link wp-element-button\" href=\"mailto:info@verdosillo.eu?subject=Consulta%20sobre%20opciones%20de%20inversi%C3%B3n&amp;body=Estimado%20equipo%20de%20Verdosillo%20EU%20S.L.%2C%0A%0AEstoy%20interesado%20en%20recibir%20informaci%C3%B3n%20sobre%20las%20opciones%20de%20inversi%C3%B3n%20disponibles.%0A%0APor%20favor%2C%20encuentren%20mis%20datos%20a%20continuaci%C3%B3n%3A%0A%0ANombre%3A%20____________________%0ATel%C3%A9fono%3A%20____________________%0AEmail%3A%20____________________%0ACantidad%20a%20invertir%3A%20____________________%0AComentario%20adicional%3A%20____________________%0A%0AGracias%20por%20su%20atenci%C3%B3n.%0A%0ASaludos%2C%0A____________________&quot;\">Contactanos<\/a><\/div>\n<\/div>\n<\/div>\n","protected":false},"excerpt":{"rendered":"<p>Nuestros Servicios Gesti\u00f3n Patrimonial Integral Administramos y coordinamos los activos familiares con una visi\u00f3n global y prudente, buscando equilibrio entre [&hellip;]<\/p>\n","protected":false},"author":1,"featured_media":0,"parent":0,"menu_order":0,"comment_status":"closed","ping_status":"closed","template":"","meta":{"site-sidebar-layout":"no-sidebar","site-content-layout":"plain-container","ast-site-content-layout":"default","site-content-style":"default","site-sidebar-style":"default","ast-global-header-display":"","ast-banner-title-visibility":"","ast-main-header-display":"","ast-hfb-above-header-display":"","ast-hfb-below-header-display":"","ast-hfb-mobile-header-display":"","site-post-title":"disabled","ast-breadcrumbs-content":"","ast-featured-img":"","footer-sml-layout":"","theme-transparent-header-meta":"enabled","adv-header-id-meta":"","stick-header-meta":"","header-above-stick-meta":"","header-main-stick-meta":"","header-below-stick-meta":"","astra-migrate-meta-layouts":"default","ast-page-background-enabled":"default","ast-page-background-meta":{"desktop":{"background-color":"var(--ast-global-color-5)","background-image":"","background-repeat":"repeat","background-position":"center center","background-size":"auto","background-attachment":"scroll","background-type":"","background-media":"","overlay-type":"","overlay-color":"","overlay-opacity":"","overlay-gradient":""},"tablet":{"background-color":"","background-image":"","background-repeat":"repeat","background-position":"center center","background-size":"auto","background-attachment":"scroll","background-type":"","background-media":"","overlay-type":"","overlay-color":"","overlay-opacity":"","overlay-gradient":""},"mobile":{"background-color":"","background-image":"","background-repeat":"repeat","background-position":"center center","background-size":"auto","background-attachment":"scroll","background-type":"","background-media":"","overlay-type":"","overlay-color":"","overlay-opacity":"","overlay-gradient":""}},"ast-content-background-meta":{"desktop":{"background-color":"var(--ast-global-color-4)","background-image":"","background-repeat":"repeat","background-position":"center center","background-size":"auto","background-attachment":"scroll","background-type":"","background-media":"","overlay-type":"","overlay-color":"","overlay-opacity":"","overlay-gradient":""},"tablet":{"background-color":"var(--ast-global-color-4)","background-image":"","background-repeat":"repeat","background-position":"center center","background-size":"auto","background-attachment":"scroll","background-type":"","background-media":"","overlay-type":"","overlay-color":"","overlay-opacity":"","overlay-gradient":""},"mobile":{"background-color":"var(--ast-global-color-4)","background-image":"","background-repeat":"repeat","background-position":"center center","background-size":"auto","background-attachment":"scroll","background-type":"","background-media":"","overlay-type":"","overlay-color":"","overlay-opacity":"","overlay-gradient":""}},"footnotes":""},"class_list":["post-19","page","type-page","status-publish","hentry"],"_links":{"self":[{"href":"https:\/\/verdosillo.eu\/index.php\/wp-json\/wp\/v2\/pages\/19","targetHints":{"allow":["GET"]}}],"collection":[{"href":"https:\/\/verdosillo.eu\/index.php\/wp-json\/wp\/v2\/pages"}],"about":[{"href":"https:\/\/verdosillo.eu\/index.php\/wp-json\/wp\/v2\/types\/page"}],"author":[{"embeddable":true,"href":"https:\/\/verdosillo.eu\/index.php\/wp-json\/wp\/v2\/users\/1"}],"replies":[{"embeddable":true,"href":"https:\/\/verdosillo.eu\/index.php\/wp-json\/wp\/v2\/comments?post=19"}],"version-history":[{"count":17,"href":"https:\/\/verdosillo.eu\/index.php\/wp-json\/wp\/v2\/pages\/19\/revisions"}],"predecessor-version":[{"id":70,"href":"https:\/\/verdosillo.eu\/index.php\/wp-json\/wp\/v2\/pages\/19\/revisions\/70"}],"wp:attachment":[{"href":"https:\/\/verdosillo.eu\/index.php\/wp-json\/wp\/v2\/media?parent=19"}],"curies":[{"name":"wp","href":"https:\/\/api.w.org\/{rel}","templated":true}]}}